{"id":1965,"date":"2019-10-29T11:20:52","date_gmt":"2019-10-29T14:20:52","guid":{"rendered":"http:\/\/r2owners.com\/?page_id=1965"},"modified":"2020-11-30T08:35:25","modified_gmt":"2020-11-30T13:35:25","slug":"about-us","status":"publish","type":"page","link":"https:\/\/r2owners.com\/es\/about-us\/","title":{"rendered":"Sobre Nosotros"},"content":{"rendered":"<p>[vc_row css=&#8221;.vc_custom_1540484653733{margin-bottom: 30px !important;padding-right: 30px !important;padding-left: 30px !important;background-color: #ffffff !important;}&#8221;][vc_column]\t\t<div class=\"homey-module module-title section-title-module text-left \">\r\n\t\t\t<h2 >Reservas y alojamiento m\u00e1s f\u00e1ciles<\/h2>\r\n\r\n\t\t\t<p  class=\"sub-heading\"><\/p>\r\n\t\t<\/div>\r\n\t\t<div style=\"clear:both; width:100%; height:20px\"><\/div>[vc_single_image image=&#8221;2386&#8243; img_size=&#8221;1140&#215;300&#8243;][\/vc_column][\/vc_row][vc_row css=&#8221;.vc_custom_1540484271922{margin-bottom: 30px !important;padding-right: 30px !important;padding-left: 30px !important;background-color: #ffffff !important;}&#8221;][vc_column]\t\t<div class=\"homey-module module-title section-title-module text-left \">\r\n\t\t\t<h2 >Sobre R2Owners<\/h2>\r\n\r\n\t\t\t<p  class=\"sub-heading\"><\/p>\r\n\t\t<\/div>\r\n\t\t[vc_column_text]<\/p>\n<p class=\"p1\"><strong>Rent to owners (R2Owners)<\/strong>\u00a0 es un sitio que <strong>conecta a los viajeros con los propietarios<\/strong> en los lugares que desean visitar. <span class=\"JLqJ4b ChMk0b\" data-language-for-alternatives=\"es\" data-language-to-translate-into=\"en\" data-phrase-index=\"1\">Nuestra misi\u00f3n es ayudar a que la planificaci\u00f3n de unas vacaciones sea simple, directa y m\u00e1s asequible.<\/span><\/p>\n<p class=\"p1\"><strong>Rent to owners (R2Owners)\u00a0<\/strong>fue creado por propietarios de alquileres vacacionales que aman viajar y comprender las necesidades de los viajeros. <span class=\"JLqJ4b ChMk0b\" data-language-for-alternatives=\"es\" data-language-to-translate-into=\"en\" data-phrase-index=\"1\">Rent to owner (R2Owners) entiende que el lugar que la gente elija para quedarse tendr\u00e1 un gran impacto en el resultado de sus vacaciones: es donde usted se relajar\u00e1, dormir\u00e1, compartir\u00e1 momentos importantes y crear\u00e1 recuerdos. A veces, los viajeros quieren sentirse como en casa incluso cuando est\u00e1n fuera. Otros viajeros quieren tener una experiencia local o \u00fanica; otros viajan con un presupuesto limitado y quieren una opci\u00f3n m\u00e1s asequible. Hay diferentes tipos de viajeros y viajes, y tenemos opciones para todos.<\/span><\/p>\n<p>Qu\u00e9 diferencia a Rent to Owners de otras empresas como Airbnb, VRBO, Homeaway o Booking; <span class=\"JLqJ4b ChMk0b\" data-language-for-alternatives=\"es\" data-language-to-translate-into=\"en\" data-phrase-index=\"1\"><strong>es que somos una peque\u00f1a empresa<\/strong>. <strong>Estamos enfocados en brindar un gran valor a los viajeros y propietarios eliminando al intermediario.<\/strong><\/span><\/p>\n<p>Nuestro modelo de negocio es sencillo. <span class=\"JLqJ4b ChMk0b\" data-language-for-alternatives=\"es\" data-language-to-translate-into=\"en\" data-phrase-index=\"1\"><strong>Ofrecemos una plataforma para que los propietarios publiquen sus propiedades<\/strong>, les dejamos <strong>hablar directamente con los hu\u00e9spedes<\/strong> y evitar todas las tarifas de intermediaci\u00f3n. Solo cobramos a los anfitriones una peque\u00f1a tarifa por mantener el sitio, promocionar sus lugares y ayudar a los viajeros y anfitriones a resolver cualquier problema que pueda surgir.<\/span><\/p>\n<p class=\"p1\">Bienvenido a Rent to Owners, el lugar donde los viajeros se conectan directamente con los propietarios.<\/p>\n<p>[\/vc_column_text][\/vc_column][\/vc_row]<\/p>","protected":false},"excerpt":{"rendered":"<p>[vc_row css=&#8221;.vc_custom_1540484653733{margin-bottom: 30px !important;padding-right: 30px !important;padding-left: 30px !important;background-color: #ffffff !important;}&#8221;][vc_column][vc_single_image image=&#8221;2386&#8243; img_size=&#8221;1140&#215;300&#8243;][\/vc_column][\/vc_row][vc_row css=&#8221;.vc_custom_1540484271922{margin-bottom: 30px !important;padding-right: 30px !important;padding-left: 30px !important;background-color: #ffffff !important;}&#8221;][vc_column][vc_column_text] Rent to owners (R2Owners)\u00a0 es un sitio que conecta a los viajeros con los propietarios en los lugares que desean visitar. Nuestra misi\u00f3n es ayudar a que la planificaci\u00f3n de unas vacaciones sea simple, [&hellip;]<\/p>\n","protected":false},"author":1,"featured_media":0,"parent":0,"menu_order":0,"comment_status":"closed","ping_status":"closed","template":"template\/template-homepage.php","meta":[],"aioseo_notices":[],"_links":{"self":[{"href":"https:\/\/r2owners.com\/es\/wp-json\/wp\/v2\/pages\/1965"}],"collection":[{"href":"https:\/\/r2owners.com\/es\/wp-json\/wp\/v2\/pages"}],"about":[{"href":"https:\/\/r2owners.com\/es\/wp-json\/wp\/v2\/types\/page"}],"author":[{"embeddable":true,"href":"https:\/\/r2owners.com\/es\/wp-json\/wp\/v2\/users\/1"}],"replies":[{"embeddable":true,"href":"https:\/\/r2owners.com\/es\/wp-json\/wp\/v2\/comments?post=1965"}],"version-history":[{"count":8,"href":"https:\/\/r2owners.com\/es\/wp-json\/wp\/v2\/pages\/1965\/revisions"}],"predecessor-version":[{"id":2880,"href":"https:\/\/r2owners.com\/es\/wp-json\/wp\/v2\/pages\/1965\/revisions\/2880"}],"wp:attachment":[{"href":"https:\/\/r2owners.com\/es\/wp-json\/wp\/v2\/media?parent=1965"}],"curies":[{"name":"wp","href":"https:\/\/api.w.org\/{rel}","templated":true}]}}